{"id":1124,"date":"2024-03-13T19:08:44","date_gmt":"2024-03-13T18:08:44","guid":{"rendered":"https:\/\/www.michaela-sadlowski.de\/wordpress\/?page_id=1124"},"modified":"2024-03-13T19:21:40","modified_gmt":"2024-03-13T18:21:40","slug":"unterwegs","status":"publish","type":"page","link":"https:\/\/www.michaela-sadlowski.de\/wordpress\/unterwegs\/","title":{"rendered":"Unterwegs"},"content":{"rendered":"<div id=\"pl-1124\"  class=\"panel-layout\" ><div id=\"pg-1124-0\"  class=\"panel-grid panel-no-style\" ><div id=\"pgc-1124-0-0\"  class=\"panel-grid-cell\" ><div id=\"panel-1124-0-0-0\" class=\"so-panel widget widget_sow-editor panel-first-child panel-last-child\" data-index=\"0\" ><div class=\"so-widget-sow-editor so-widget-sow-editor-base\"><h3 class=\"widget-title\">\"Unterwegs\"<\/h3>\n<div class=\"siteorigin-widget-tinymce textwidget\">\n\t<p>2023<\/p>\n<\/div>\n<\/div><\/div><\/div><div id=\"pgc-1124-0-1\"  class=\"panel-grid-cell\" ><div id=\"panel-1124-0-1-0\" class=\"so-panel widget widget_sow-image panel-first-child panel-last-child\" data-index=\"1\" ><div class=\"so-widget-sow-image so-widget-sow-image-default-d6014b76747a\">\n\n<div class=\"sow-image-container\">\n\t<img loading=\"lazy\" decoding=\"async\" src=\"https:\/\/www.michaela-sadlowski.de\/wordpress\/wp-content\/uploads\/2024\/03\/Frau_big.jpg\" width=\"667\" height=\"1000\" srcset=\"https:\/\/www.michaela-sadlowski.de\/wordpress\/wp-content\/uploads\/2024\/03\/Frau_big.jpg 667w, https:\/\/www.michaela-sadlowski.de\/wordpress\/wp-content\/uploads\/2024\/03\/Frau_big-200x300.jpg 200w\" sizes=\"auto, (max-width: 667px) 100vw, 667px\" alt=\"\" \t\tclass=\"so-widget-image\"\/>\n<\/div>\n\n<\/div><\/div><\/div><\/div><div id=\"pg-1124-1\"  class=\"panel-grid panel-no-style\" ><div id=\"pgc-1124-1-0\"  class=\"panel-grid-cell\" ><div id=\"panel-1124-1-0-0\" class=\"so-panel widget widget_sow-editor panel-first-child panel-last-child\" data-index=\"2\" ><div class=\"so-widget-sow-editor so-widget-sow-editor-base\">\n<div class=\"siteorigin-widget-tinymce textwidget\">\n\t<p>Die Keramik mit dem Titel \u201eUnterwegs\u201c ist Anfang 2023 entstanden und ist aus Ton, gebrannt und glasiert (12 cm x 39 cm x 13 cm).<\/p>\n<p>Inspiriert dazu hat mich eine kleine volkst\u00fcmliche Figur, die ich mir vor \u00fcber zwanzig Jahren in einem Souvenirgesch\u00e4ft auf Madeira gekauft habe. Mich hat an ihr fasziniert, wie in sich geschlossen und getragen diese Figur wirkt.<br \/>\nIn ihrer Haltung strahlt sie f\u00fcr mich eine innere Sicherheit aus. Dieses Volkst\u00fcmliche suggeriert ja auch eine gewisse Ordnung, die vorgibt, Sicherheit zu bieten. Sie scheint in Bewegung zu sein. Ihre Kleidung wirkt so ordentlich und sauber. Sie tr\u00e4gt ein Gep\u00e4ckst\u00fcck auf dem Kopf. Steht eine l\u00e4ngere Reise bevor oder was k\u00f6nnte in dem Gep\u00e4ckst\u00fcck auf dem Kopf sein?<br \/>\nGleichzeitig gruselt mich aber auch diese Figur: Sie k\u00f6nnte auch eine B\u00e4uerin sein, die gerade ihr Haus mit einem kleinen Hab und Gut verlassen musste, um zu fliehen.<br \/>\nFlucht ist ein Thema, dass uns t\u00e4glich besch\u00e4ftigt. Kriege finden ganz in der N\u00e4he statt und wir kommen st\u00e4ndig mit diesen Themen Flucht, Vertreibung und Krieg in Ber\u00fchrung.<br \/>\nIch selbst bin Kriegsenkel und je \u00e4lter ich werde, desto mehr setze ich mich mit der eigenen Familiengeschichte auseinander. Die Flucht meines Vaters als vierj\u00e4hriger wird f\u00fcr mich verst\u00e4ndlicher und nachvollziehbarer, eben auch, weil dieses Thema jetzt wieder so pr\u00e4sent wird.<\/p>\n<\/div>\n<\/div><\/div><\/div><\/div><div id=\"pg-1124-2\"  class=\"panel-grid panel-no-style\" ><div id=\"pgc-1124-2-0\"  class=\"panel-grid-cell\" ><div id=\"panel-1124-2-0-0\" class=\"so-panel widget widget_sow-image panel-first-child panel-last-child\" data-index=\"3\" ><div class=\"so-widget-sow-image so-widget-sow-image-default-d6014b76747a\">\n\n<div class=\"sow-image-container\">\n\t<img loading=\"lazy\" decoding=\"async\" src=\"https:\/\/www.michaela-sadlowski.de\/wordpress\/wp-content\/uploads\/2024\/03\/Gesicht_big.jpg\" width=\"1501\" height=\"1000\" srcset=\"https:\/\/www.michaela-sadlowski.de\/wordpress\/wp-content\/uploads\/2024\/03\/Gesicht_big.jpg 1501w, https:\/\/www.michaela-sadlowski.de\/wordpress\/wp-content\/uploads\/2024\/03\/Gesicht_big-300x200.jpg 300w, https:\/\/www.michaela-sadlowski.de\/wordpress\/wp-content\/uploads\/2024\/03\/Gesicht_big-1024x682.jpg 1024w, https:\/\/www.michaela-sadlowski.de\/wordpress\/wp-content\/uploads\/2024\/03\/Gesicht_big-768x512.jpg 768w, https:\/\/www.michaela-sadlowski.de\/wordpress\/wp-content\/uploads\/2024\/03\/Gesicht_big-272x182.jpg 272w\" sizes=\"auto, (max-width: 1501px) 100vw, 1501px\" alt=\"\" \t\tclass=\"so-widget-image\"\/>\n<\/div>\n\n<\/div><\/div><\/div><\/div><div id=\"pg-1124-3\"  class=\"panel-grid panel-no-style\" ><div id=\"pgc-1124-3-0\"  class=\"panel-grid-cell\" ><div id=\"panel-1124-3-0-0\" class=\"so-panel widget widget_sow-editor panel-first-child panel-last-child\" data-index=\"4\" ><div class=\"so-widget-sow-editor so-widget-sow-editor-base\">\n<div class=\"siteorigin-widget-tinymce textwidget\">\n\t<p>Die Keramik \u201ePause\u201c 2022\/23 ist aus Porzellan, gebrannt und glasiert (11 cm x 3,5 cm x 8 cm).<\/p>\n<p>Ein Kopf mit einem K\u00f6rper als Wurm schl\u00e4ft auf einer Wolke. Es ist wie eine Art R\u00fcckzug, um sich f\u00fcr eine gewisse Zeit aus etwas rauszuziehen. Man m\u00f6chte sich ganz klein zusammenrollen und nicht sichtbar sein.<\/p>\n<\/div>\n<\/div><\/div><\/div><\/div><div id=\"pg-1124-4\"  class=\"panel-grid panel-no-style\" ><div id=\"pgc-1124-4-0\"  class=\"panel-grid-cell\" ><div id=\"panel-1124-4-0-0\" class=\"so-panel widget widget_sow-image panel-first-child panel-last-child\" data-index=\"5\" ><div class=\"so-widget-sow-image so-widget-sow-image-default-d6014b76747a\">\n\n<div class=\"sow-image-container\">\n\t<img loading=\"lazy\" decoding=\"async\" src=\"https:\/\/www.michaela-sadlowski.de\/wordpress\/wp-content\/uploads\/2024\/03\/Ohr_big.jpg\" width=\"667\" height=\"1000\" srcset=\"https:\/\/www.michaela-sadlowski.de\/wordpress\/wp-content\/uploads\/2024\/03\/Ohr_big.jpg 667w, https:\/\/www.michaela-sadlowski.de\/wordpress\/wp-content\/uploads\/2024\/03\/Ohr_big-200x300.jpg 200w\" sizes=\"auto, (max-width: 667px) 100vw, 667px\" alt=\"\" \t\tclass=\"so-widget-image\"\/>\n<\/div>\n\n<\/div><\/div><\/div><\/div><div id=\"pg-1124-5\"  class=\"panel-grid panel-no-style\" ><div id=\"pgc-1124-5-0\"  class=\"panel-grid-cell\" ><div id=\"panel-1124-5-0-0\" class=\"so-panel widget widget_sow-editor panel-first-child panel-last-child\" data-index=\"6\" ><div class=\"so-widget-sow-editor so-widget-sow-editor-base\">\n<div class=\"siteorigin-widget-tinymce textwidget\">\n\t<p>\u201eSssssssssssss!\u201c 2023, aus Porzellan, gebrannt und glasiert, die Fliege ist aus Glas und fest angebracht (3,5 cm x 1,5 cm x 6,5 cm).<\/p>\n<p>Man k\u00f6nnte doch so seine Ruhe haben, wenn nicht st\u00e4ndig dieses unterschwellige Ger\u00e4usch w\u00e4re.<\/p>\n<\/div>\n<\/div><\/div><\/div><\/div><div id=\"pg-1124-6\"  class=\"panel-grid panel-no-style\" ><div id=\"pgc-1124-6-0\"  class=\"panel-grid-cell\" ><div id=\"panel-1124-6-0-0\" class=\"so-panel widget widget_sow-image panel-first-child panel-last-child\" data-index=\"7\" ><div class=\"so-widget-sow-image so-widget-sow-image-default-d6014b76747a\">\n\n<div class=\"sow-image-container\">\n\t<img loading=\"lazy\" decoding=\"async\" src=\"https:\/\/www.michaela-sadlowski.de\/wordpress\/wp-content\/uploads\/2024\/03\/Hand_big.jpg\" width=\"667\" height=\"1000\" srcset=\"https:\/\/www.michaela-sadlowski.de\/wordpress\/wp-content\/uploads\/2024\/03\/Hand_big.jpg 667w, https:\/\/www.michaela-sadlowski.de\/wordpress\/wp-content\/uploads\/2024\/03\/Hand_big-200x300.jpg 200w\" sizes=\"auto, (max-width: 667px) 100vw, 667px\" alt=\"\" \t\tclass=\"so-widget-image\"\/>\n<\/div>\n\n<\/div><\/div><\/div><\/div><div id=\"pg-1124-7\"  class=\"panel-grid panel-no-style\" ><div id=\"pgc-1124-7-0\"  class=\"panel-grid-cell\" ><div id=\"panel-1124-7-0-0\" class=\"so-panel widget widget_sow-editor panel-first-child panel-last-child\" data-index=\"8\" ><div class=\"so-widget-sow-editor so-widget-sow-editor-base\">\n<div class=\"siteorigin-widget-tinymce textwidget\">\n\t<p>\u201eBleib ruhig!\u201c 2022\/23, aus Porzellan, gebrannt und glasiert (9 cm x 13,5 cm x 9 cm).<\/p>\n<\/div>\n<\/div><\/div><\/div><\/div><div id=\"pg-1124-8\"  class=\"panel-grid panel-no-style\" ><div id=\"pgc-1124-8-0\"  class=\"panel-grid-cell\" ><div id=\"panel-1124-8-0-0\" class=\"so-panel widget widget_sow-image panel-first-child panel-last-child\" data-index=\"9\" ><div class=\"so-widget-sow-image so-widget-sow-image-default-d6014b76747a\">\n\n<div class=\"sow-image-container\">\n\t<img loading=\"lazy\" decoding=\"async\" src=\"https:\/\/www.michaela-sadlowski.de\/wordpress\/wp-content\/uploads\/2024\/03\/Pfau_big.jpg\" width=\"1664\" height=\"1000\" srcset=\"https:\/\/www.michaela-sadlowski.de\/wordpress\/wp-content\/uploads\/2024\/03\/Pfau_big.jpg 1664w, https:\/\/www.michaela-sadlowski.de\/wordpress\/wp-content\/uploads\/2024\/03\/Pfau_big-300x180.jpg 300w, https:\/\/www.michaela-sadlowski.de\/wordpress\/wp-content\/uploads\/2024\/03\/Pfau_big-1024x615.jpg 1024w, https:\/\/www.michaela-sadlowski.de\/wordpress\/wp-content\/uploads\/2024\/03\/Pfau_big-768x462.jpg 768w, https:\/\/www.michaela-sadlowski.de\/wordpress\/wp-content\/uploads\/2024\/03\/Pfau_big-1536x923.jpg 1536w\" sizes=\"auto, (max-width: 1664px) 100vw, 1664px\" alt=\"\" \t\tclass=\"so-widget-image\"\/>\n<\/div>\n\n<\/div><\/div><\/div><\/div><div id=\"pg-1124-9\"  class=\"panel-grid panel-no-style\" ><div id=\"pgc-1124-9-0\"  class=\"panel-grid-cell\" ><div id=\"panel-1124-9-0-0\" class=\"so-panel widget widget_sow-editor panel-first-child panel-last-child\" data-index=\"10\" ><div class=\"so-widget-sow-editor so-widget-sow-editor-base\">\n<div class=\"siteorigin-widget-tinymce textwidget\">\n\t<p>\u201eDas schlafende Pfauenkind des Lieblingsvogels der G\u00f6ttin Hera\u201c, 2023, aus Porzellan, gebrannt und glasiert (31 cm x 3,5 cm x 10 cm).<\/p>\n<p>Die G\u00f6ttin Hera war mit Zeus verheiratet. Zeus hat den viel\u00e4ugigen Leibw\u00e4chter Argos der G\u00f6ttin Hera get\u00f6tet.<br \/>\nDie vielen Augen ihres Leibw\u00e4chters Argos legte die G\u00f6ttin Hera auf die Federn ihres Lieblingsvogels, dem Pfau!<br \/>\nMan spricht ja auch vom \u201ePfauenauge\u201c! Der Pfau ist f\u00fcr viele etwas sehr Faszinierendes! Er wird bewundert. Er ist ein Paradiesvogel, er ist mit keinem anderen Tier zu vergleichen!<br \/>\nIn vielen Kulturen und Religionen spielt er eine wichtige Rolle.<br \/>\nIm alten Christentum ist er Symbol des Himmels, der Seligkeit, des Gl\u00fccks und des ewigen Lebens.<br \/>\nEbenso spielt er im jesidischem Glauben und im Islam eine wichtige Rolle. In China verk\u00f6rpert der Pfau das \u201eRad des Lebens\u201c.<br \/>\nEinige dieser Kulturen und Religionen werden verfolgt und es wird versucht diese zu vernichten.<\/p>\n<p>Kinder und Tiere sind die unschuldigsten und zugleich schutzlosesten Glieder in der Gesellschaft.<br \/>\nDas schlafende Pfauenkind hat sich im Schlaf zur\u00fcckgezogen, sein Federkleid ist wie eine sch\u00fctzende Decke. Die Pfauenaugen passen auf und beobachten laufend die Umgebung.<\/p>\n<\/div>\n<\/div><\/div><\/div><\/div><\/div>","protected":false},"excerpt":{"rendered":"<p>2023 Die Keramik mit dem Titel \u201eUnterwegs\u201c ist Anfang 2023 entstanden und ist aus Ton, gebrannt und glasiert (12 cm x 39 cm x 13&#8230;<\/p>\n<div class=\"more-link-wrapper\"><a class=\"more-link\" href=\"https:\/\/www.michaela-sadlowski.de\/wordpress\/unterwegs\/\">mehr<span class=\"screen-reader-text\">Unterwegs<\/span><\/a><\/div>\n","protected":false},"author":1,"featured_media":0,"parent":0,"menu_order":0,"comment_status":"closed","ping_status":"closed","template":"","meta":{"_monsterinsights_skip_tracking":false,"_monsterinsights_sitenote_active":false,"_monsterinsights_sitenote_note":"","_monsterinsights_sitenote_category":0,"footnotes":""},"class_list":["post-1124","page","type-page","status-publish","hentry","entry"],"_links":{"self":[{"href":"https:\/\/www.michaela-sadlowski.de\/wordpress\/wp-json\/wp\/v2\/pages\/1124","targetHints":{"allow":["GET"]}}],"collection":[{"href":"https:\/\/www.michaela-sadlowski.de\/wordpress\/wp-json\/wp\/v2\/pages"}],"about":[{"href":"https:\/\/www.michaela-sadlowski.de\/wordpress\/wp-json\/wp\/v2\/types\/page"}],"author":[{"embeddable":true,"href":"https:\/\/www.michaela-sadlowski.de\/wordpress\/wp-json\/wp\/v2\/users\/1"}],"replies":[{"embeddable":true,"href":"https:\/\/www.michaela-sadlowski.de\/wordpress\/wp-json\/wp\/v2\/comments?post=1124"}],"version-history":[{"count":10,"href":"https:\/\/www.michaela-sadlowski.de\/wordpress\/wp-json\/wp\/v2\/pages\/1124\/revisions"}],"predecessor-version":[{"id":1134,"href":"https:\/\/www.michaela-sadlowski.de\/wordpress\/wp-json\/wp\/v2\/pages\/1124\/revisions\/1134"}],"wp:attachment":[{"href":"https:\/\/www.michaela-sadlowski.de\/wordpress\/wp-json\/wp\/v2\/media?parent=1124"}],"curies":[{"name":"wp","href":"https:\/\/api.w.org\/{rel}","templated":true}]}}