{"id":170,"date":"2017-04-22T13:27:05","date_gmt":"2017-04-22T11:27:05","guid":{"rendered":"http:\/\/www.michaela-sadlowski.de\/wordpress\/?page_id=170"},"modified":"2021-01-03T01:31:00","modified_gmt":"2021-01-03T00:31:00","slug":"neuanfang","status":"publish","type":"page","link":"https:\/\/www.michaela-sadlowski.de\/wordpress\/neuanfang\/","title":{"rendered":"Neuanfang"},"content":{"rendered":"<div id=\"pl-170\"  class=\"panel-layout\" ><div id=\"pg-170-0\"  class=\"panel-grid panel-no-style\" ><div id=\"pgc-170-0-0\"  class=\"panel-grid-cell\" ><div id=\"panel-170-0-0-0\" class=\"so-panel widget widget_sow-image panel-first-child panel-last-child\" data-index=\"0\" ><div class=\"so-widget-sow-image so-widget-sow-image-default-d6014b76747a\">\n\n<div class=\"sow-image-container\">\n\t<img loading=\"lazy\" decoding=\"async\" src=\"https:\/\/www.michaela-sadlowski.de\/wordpress\/wp-content\/uploads\/2017\/04\/wolke.jpg\" width=\"1200\" height=\"786\" srcset=\"https:\/\/www.michaela-sadlowski.de\/wordpress\/wp-content\/uploads\/2017\/04\/wolke.jpg 1200w, https:\/\/www.michaela-sadlowski.de\/wordpress\/wp-content\/uploads\/2017\/04\/wolke-300x197.jpg 300w, https:\/\/www.michaela-sadlowski.de\/wordpress\/wp-content\/uploads\/2017\/04\/wolke-1024x671.jpg 1024w, https:\/\/www.michaela-sadlowski.de\/wordpress\/wp-content\/uploads\/2017\/04\/wolke-768x503.jpg 768w\" sizes=\"auto, (max-width: 1200px) 100vw, 1200px\" alt=\"\" \t\tclass=\"so-widget-image\"\/>\n<\/div>\n\n<\/div><\/div><\/div><\/div><div id=\"pg-170-1\"  class=\"panel-grid panel-no-style\" ><div id=\"pgc-170-1-0\"  class=\"panel-grid-cell\" ><div id=\"panel-170-1-0-0\" class=\"so-panel widget widget_sow-editor panel-first-child panel-last-child\" data-index=\"1\" ><div class=\"so-widget-sow-editor so-widget-sow-editor-base\">\n<div class=\"siteorigin-widget-tinymce textwidget\">\n\t<h2>Wolke<\/h2>\n<h3>Helenenkapelle, 2000<\/h3>\n<p>Wolke aus Polyestergie<span class=\"entity\">\u00df<\/span>harz und mit kleinen runden Lautsprechern aus denen Vogelstimmen zu h<span class=\"entity\">\u00f6<\/span>ren sind. Sie ist f<span class=\"entity\">\u00fc<\/span>r mich etwas Heiliges, <span class=\"entity\">\u00dc<\/span>bersinnliches, Unantastbares. Ein Symbol f<span class=\"entity\">\u00fc<\/span>r etwas Neuentstandenes, etwas wie ein Wunder. Diese Wolke habe ich im Jahr 2000 in Bonn in der Helenenkapelle ausgestellt, das ist eine kleine Hauskapelle mitten in der Innenstadt- aber sehr versteckt und ein sehr ruhiger Ort. Mitten dieser Ausstellung war der Namenstag der heiligen Helena. An diesem Tag habe ich an diesem Ort Wolkenkissen aus Filz auf dem Boden ausgelegt und kleine Kinder mit ihren Eltern zum Ausruhen eingeladen. Es war eine Frage, was eigentlich wirklich heilig ist. Diese Ausstellung war zusammen mit anderen Ausstellungen in der Bonner Innenstadt. Museen und Gallerien haben K<span class=\"entity\">\u00fc<\/span>nstler in der Innenstadt ausstellen lassen. Ich war damals vom Kunstmuseum gefragt worden, ob ich dort ausstellen m<span class=\"entity\">\u00f6<\/span>chte.<\/p>\n<\/div>\n<\/div><\/div><\/div><\/div><\/div>","protected":false},"excerpt":{"rendered":"<p>Wolke Helenenkapelle, 2000 Wolke aus Polyestergie\u00dfharz und mit kleinen runden Lautsprechern aus denen Vogelstimmen zu h\u00f6ren sind. Sie ist f\u00fcr mich etwas Heiliges, \u00dcbersinnliches, Unantastbares.&#8230;<\/p>\n<div class=\"more-link-wrapper\"><a class=\"more-link\" href=\"https:\/\/www.michaela-sadlowski.de\/wordpress\/neuanfang\/\">mehr<span class=\"screen-reader-text\">Neuanfang<\/span><\/a><\/div>\n","protected":false},"author":1,"featured_media":0,"parent":0,"menu_order":4,"comment_status":"closed","ping_status":"closed","template":"","meta":{"_monsterinsights_skip_tracking":false,"_monsterinsights_sitenote_active":false,"_monsterinsights_sitenote_note":"","_monsterinsights_sitenote_category":0,"footnotes":""},"class_list":["post-170","page","type-page","status-publish","hentry","entry"],"_links":{"self":[{"href":"https:\/\/www.michaela-sadlowski.de\/wordpress\/wp-json\/wp\/v2\/pages\/170","targetHints":{"allow":["GET"]}}],"collection":[{"href":"https:\/\/www.michaela-sadlowski.de\/wordpress\/wp-json\/wp\/v2\/pages"}],"about":[{"href":"https:\/\/www.michaela-sadlowski.de\/wordpress\/wp-json\/wp\/v2\/types\/page"}],"author":[{"embeddable":true,"href":"https:\/\/www.michaela-sadlowski.de\/wordpress\/wp-json\/wp\/v2\/users\/1"}],"replies":[{"embeddable":true,"href":"https:\/\/www.michaela-sadlowski.de\/wordpress\/wp-json\/wp\/v2\/comments?post=170"}],"version-history":[{"count":2,"href":"https:\/\/www.michaela-sadlowski.de\/wordpress\/wp-json\/wp\/v2\/pages\/170\/revisions"}],"predecessor-version":[{"id":1037,"href":"https:\/\/www.michaela-sadlowski.de\/wordpress\/wp-json\/wp\/v2\/pages\/170\/revisions\/1037"}],"wp:attachment":[{"href":"https:\/\/www.michaela-sadlowski.de\/wordpress\/wp-json\/wp\/v2\/media?parent=170"}],"curies":[{"name":"wp","href":"https:\/\/api.w.org\/{rel}","templated":true}]}}