{"id":172,"date":"2017-04-22T13:27:20","date_gmt":"2017-04-22T11:27:20","guid":{"rendered":"http:\/\/www.michaela-sadlowski.de\/wordpress\/?page_id=172"},"modified":"2021-01-03T01:38:27","modified_gmt":"2021-01-03T00:38:27","slug":"essen","status":"publish","type":"page","link":"https:\/\/www.michaela-sadlowski.de\/wordpress\/essen\/","title":{"rendered":"Essen"},"content":{"rendered":"<div id=\"pl-172\"  class=\"panel-layout\" ><div id=\"pg-172-0\"  class=\"panel-grid panel-no-style\" ><div id=\"pgc-172-0-0\"  class=\"panel-grid-cell\" ><div id=\"panel-172-0-0-0\" class=\"so-panel widget widget_sow-image panel-first-child panel-last-child\" data-index=\"0\" ><div class=\"so-widget-sow-image so-widget-sow-image-default-d6014b76747a\">\n\n<div class=\"sow-image-container\">\n\t<img loading=\"lazy\" decoding=\"async\" src=\"https:\/\/www.michaela-sadlowski.de\/wordpress\/wp-content\/uploads\/2017\/04\/diplom_big.jpg\" width=\"1359\" height=\"1000\" srcset=\"https:\/\/www.michaela-sadlowski.de\/wordpress\/wp-content\/uploads\/2017\/04\/diplom_big.jpg 1359w, https:\/\/www.michaela-sadlowski.de\/wordpress\/wp-content\/uploads\/2017\/04\/diplom_big-300x221.jpg 300w, https:\/\/www.michaela-sadlowski.de\/wordpress\/wp-content\/uploads\/2017\/04\/diplom_big-1024x753.jpg 1024w, https:\/\/www.michaela-sadlowski.de\/wordpress\/wp-content\/uploads\/2017\/04\/diplom_big-768x565.jpg 768w\" sizes=\"auto, (max-width: 1359px) 100vw, 1359px\" alt=\"\" \t\tclass=\"so-widget-image\"\/>\n<\/div>\n\n<\/div><\/div><\/div><\/div><div id=\"pg-172-1\"  class=\"panel-grid panel-no-style\" ><div id=\"pgc-172-1-0\"  class=\"panel-grid-cell\" ><div id=\"panel-172-1-0-0\" class=\"so-panel widget widget_sow-editor panel-first-child panel-last-child\" data-index=\"1\" ><div class=\"so-widget-sow-editor so-widget-sow-editor-base\"><h3 class=\"widget-title\">HGB Leipzig, 1999 Raum 2.13<\/h3>\n<div class=\"siteorigin-widget-tinymce textwidget\">\n\t<p>Pr\u00e4sentation in der Hochschule f\u00fcr Grafik und Buchkunst in Leipzig.<br \/>In einem sehr kleinen Raum habe ich einen drei Meter hohen wei\u00dfen Kubus gebaut, um den man herumgehen konnte. Dazu war jedoch nur ein Meter Platz. Dieser Kubus hatte drei \u00d6ffnungen, die abgerundet waren und zu ihrem runden Inneren verwiesen haben.<br \/>In der ersten vom Eingang sichtbaren \u00d6ffnung, war ein rotes gl\u00e4nzendes Objekt von mir in einer Waldlandschaft positioniert.<br \/>Auf diesem Objekt sa\u00dfen m\u00e4nnliche und weibliche Figuren aus e\u00dfbaren Teig. Auf dem Boden war echtes Moos, auf dem verschiedene Objekte verteilt waren. Siehe hierzu auch das vorige Bild.<br \/>Auf der linken Seite des Kubus war eine Arbeit aus orangefarbenen Wachs: F\u00fc\u00dfe mit langen Fu\u00dfn\u00e4geln. Der Hintergrund war grau.<br \/>Auf der R\u00fcckseite des Kubus war eine \u00d6ffnung die \u00fcbergro\u00dfe W\u00fcrmer aus Latex pr\u00e4sentiert. Der Hintergrund ist dunkelrot lackiert.<br \/>Alle \u00d6ffnungen sind von Innen und von Oben beleuchtet. Innerhalb dieses Kubus sind W\u00e4nde f\u00fcr die einzelnen R\u00e4ume eingezogen. Diese einzelnen Innenr\u00e4ume sind rund, ohne Ecken (siehe auch nachfolgende Bilder).<\/p>\n<\/div>\n<\/div><\/div><\/div><\/div><div id=\"pg-172-2\"  class=\"panel-grid panel-no-style\" ><div id=\"pgc-172-2-0\"  class=\"panel-grid-cell\" ><div id=\"panel-172-2-0-0\" class=\"so-panel widget widget_sow-image panel-first-child panel-last-child\" data-index=\"2\" ><div class=\"so-widget-sow-image so-widget-sow-image-default-d6014b76747a\">\n\n<div class=\"sow-image-container\">\n<a href=\"https:\/\/www.michaela-sadlowski.de\/wordpress\/essen\/\" >\t<img loading=\"lazy\" decoding=\"async\" src=\"https:\/\/www.michaela-sadlowski.de\/wordpress\/wp-content\/uploads\/2017\/04\/diplom_mid.jpg\" width=\"1087\" height=\"800\" srcset=\"https:\/\/www.michaela-sadlowski.de\/wordpress\/wp-content\/uploads\/2017\/04\/diplom_mid.jpg 1087w, https:\/\/www.michaela-sadlowski.de\/wordpress\/wp-content\/uploads\/2017\/04\/diplom_mid-300x221.jpg 300w, https:\/\/www.michaela-sadlowski.de\/wordpress\/wp-content\/uploads\/2017\/04\/diplom_mid-1024x754.jpg 1024w, https:\/\/www.michaela-sadlowski.de\/wordpress\/wp-content\/uploads\/2017\/04\/diplom_mid-768x565.jpg 768w\" sizes=\"auto, (max-width: 1087px) 100vw, 1087px\" title=\"Front\" alt=\"\" \t\tclass=\"so-widget-image\"\/>\n<\/a><\/div>\n\n<\/div><\/div><\/div><div id=\"pgc-172-2-1\"  class=\"panel-grid-cell\" ><div id=\"panel-172-2-1-0\" class=\"so-panel widget widget_sow-image panel-first-child panel-last-child\" data-index=\"3\" ><div class=\"so-widget-sow-image so-widget-sow-image-default-d6014b76747a\">\n\n<div class=\"sow-image-container\">\n<a href=\"https:\/\/www.michaela-sadlowski.de\/wordpress\/essen-abbildung-4\/\" >\t<img loading=\"lazy\" decoding=\"async\" src=\"https:\/\/www.michaela-sadlowski.de\/wordpress\/wp-content\/uploads\/2017\/04\/diplomwurm_mid.jpg\" width=\"586\" height=\"800\" srcset=\"https:\/\/www.michaela-sadlowski.de\/wordpress\/wp-content\/uploads\/2017\/04\/diplomwurm_mid.jpg 586w, https:\/\/www.michaela-sadlowski.de\/wordpress\/wp-content\/uploads\/2017\/04\/diplomwurm_mid-220x300.jpg 220w\" sizes=\"auto, (max-width: 586px) 100vw, 586px\" title=\"Seite\" alt=\"\" \t\tclass=\"so-widget-image\"\/>\n<\/a><\/div>\n\n<\/div><\/div><\/div><div id=\"pgc-172-2-2\"  class=\"panel-grid-cell\" ><div id=\"panel-172-2-2-0\" class=\"so-panel widget widget_sow-image panel-first-child panel-last-child\" data-index=\"4\" ><div class=\"so-widget-sow-image so-widget-sow-image-default-d6014b76747a\">\n\n<div class=\"sow-image-container\">\n<a href=\"https:\/\/www.michaela-sadlowski.de\/wordpress\/essen-abbildung-2\/\" >\t<img loading=\"lazy\" decoding=\"async\" src=\"https:\/\/www.michaela-sadlowski.de\/wordpress\/wp-content\/uploads\/2017\/04\/diplomkasten_mid.jpg\" width=\"610\" height=\"800\" srcset=\"https:\/\/www.michaela-sadlowski.de\/wordpress\/wp-content\/uploads\/2017\/04\/diplomkasten_mid.jpg 610w, https:\/\/www.michaela-sadlowski.de\/wordpress\/wp-content\/uploads\/2017\/04\/diplomkasten_mid-229x300.jpg 229w\" sizes=\"auto, (max-width: 610px) 100vw, 610px\" alt=\"\" \t\tclass=\"so-widget-image\"\/>\n<\/a><\/div>\n\n<\/div><\/div><\/div><\/div><div id=\"pg-172-3\"  class=\"panel-grid panel-no-style\" ><div id=\"pgc-172-3-0\"  class=\"panel-grid-cell\" ><div id=\"panel-172-3-0-0\" class=\"so-panel widget widget_sow-image panel-first-child panel-last-child\" data-index=\"5\" ><div class=\"so-widget-sow-image so-widget-sow-image-default-d6014b76747a\">\n\n<div class=\"sow-image-container\">\n<a href=\"https:\/\/www.michaela-sadlowski.de\/wordpress\/essen-abbildung-3\/\" >\t<img loading=\"lazy\" decoding=\"async\" src=\"https:\/\/www.michaela-sadlowski.de\/wordpress\/wp-content\/uploads\/2017\/04\/diplommensch_mid.jpg\" width=\"624\" height=\"800\" srcset=\"https:\/\/www.michaela-sadlowski.de\/wordpress\/wp-content\/uploads\/2017\/04\/diplommensch_mid.jpg 624w, https:\/\/www.michaela-sadlowski.de\/wordpress\/wp-content\/uploads\/2017\/04\/diplommensch_mid-234x300.jpg 234w\" sizes=\"auto, (max-width: 624px) 100vw, 624px\" title=\"Front\" alt=\"\" \t\tclass=\"so-widget-image\"\/>\n<\/a><\/div>\n\n<\/div><\/div><\/div><div id=\"pgc-172-3-1\"  class=\"panel-grid-cell\" ><div id=\"panel-172-3-1-0\" class=\"so-panel widget widget_sow-image panel-first-child panel-last-child\" data-index=\"6\" ><div class=\"so-widget-sow-image so-widget-sow-image-default-d6014b76747a\">\n\n<div class=\"sow-image-container\">\n<a href=\"https:\/\/www.michaela-sadlowski.de\/wordpress\/essen-abbildung-1\/\" >\t<img loading=\"lazy\" decoding=\"async\" src=\"https:\/\/www.michaela-sadlowski.de\/wordpress\/wp-content\/uploads\/2017\/04\/raumdiplom_mid.jpg\" width=\"627\" height=\"800\" srcset=\"https:\/\/www.michaela-sadlowski.de\/wordpress\/wp-content\/uploads\/2017\/04\/raumdiplom_mid.jpg 627w, https:\/\/www.michaela-sadlowski.de\/wordpress\/wp-content\/uploads\/2017\/04\/raumdiplom_mid-235x300.jpg 235w\" sizes=\"auto, (max-width: 627px) 100vw, 627px\" title=\"Seite\" alt=\"\" \t\tclass=\"so-widget-image\"\/>\n<\/a><\/div>\n\n<\/div><\/div><\/div><div id=\"pgc-172-3-2\"  class=\"panel-grid-cell\" ><div id=\"panel-172-3-2-0\" class=\"so-panel widget widget_sow-image panel-first-child panel-last-child\" data-index=\"7\" ><div class=\"so-widget-sow-image so-widget-sow-image-default-d6014b76747a\">\n\n<div class=\"sow-image-container\">\n<a href=\"https:\/\/www.michaela-sadlowski.de\/wordpress\/essen-abbildung-5\/\" >\t<img loading=\"lazy\" decoding=\"async\" src=\"https:\/\/www.michaela-sadlowski.de\/wordpress\/wp-content\/uploads\/2017\/04\/fussediplom_mid.jpg\" width=\"648\" height=\"800\" srcset=\"https:\/\/www.michaela-sadlowski.de\/wordpress\/wp-content\/uploads\/2017\/04\/fussediplom_mid.jpg 648w, https:\/\/www.michaela-sadlowski.de\/wordpress\/wp-content\/uploads\/2017\/04\/fussediplom_mid-243x300.jpg 243w\" sizes=\"auto, (max-width: 648px) 100vw, 648px\" alt=\"\" \t\tclass=\"so-widget-image\"\/>\n<\/a><\/div>\n\n<\/div><\/div><\/div><\/div><\/div>","protected":false},"excerpt":{"rendered":"<p>Pr\u00e4sentation in der Hochschule f\u00fcr Grafik und Buchkunst in Leipzig.In einem sehr kleinen Raum habe ich einen drei Meter hohen wei\u00dfen Kubus gebaut, um den&#8230;<\/p>\n<div class=\"more-link-wrapper\"><a class=\"more-link\" href=\"https:\/\/www.michaela-sadlowski.de\/wordpress\/essen\/\">mehr<span class=\"screen-reader-text\">Essen<\/span><\/a><\/div>\n","protected":false},"author":1,"featured_media":0,"parent":0,"menu_order":5,"comment_status":"closed","ping_status":"closed","template":"","meta":{"_monsterinsights_skip_tracking":false,"_monsterinsights_sitenote_active":false,"_monsterinsights_sitenote_note":"","_monsterinsights_sitenote_category":0,"footnotes":""},"class_list":["post-172","page","type-page","status-publish","hentry","entry"],"_links":{"self":[{"href":"https:\/\/www.michaela-sadlowski.de\/wordpress\/wp-json\/wp\/v2\/pages\/172","targetHints":{"allow":["GET"]}}],"collection":[{"href":"https:\/\/www.michaela-sadlowski.de\/wordpress\/wp-json\/wp\/v2\/pages"}],"about":[{"href":"https:\/\/www.michaela-sadlowski.de\/wordpress\/wp-json\/wp\/v2\/types\/page"}],"author":[{"embeddable":true,"href":"https:\/\/www.michaela-sadlowski.de\/wordpress\/wp-json\/wp\/v2\/users\/1"}],"replies":[{"embeddable":true,"href":"https:\/\/www.michaela-sadlowski.de\/wordpress\/wp-json\/wp\/v2\/comments?post=172"}],"version-history":[{"count":2,"href":"https:\/\/www.michaela-sadlowski.de\/wordpress\/wp-json\/wp\/v2\/pages\/172\/revisions"}],"predecessor-version":[{"id":1043,"href":"https:\/\/www.michaela-sadlowski.de\/wordpress\/wp-json\/wp\/v2\/pages\/172\/revisions\/1043"}],"wp:attachment":[{"href":"https:\/\/www.michaela-sadlowski.de\/wordpress\/wp-json\/wp\/v2\/media?parent=172"}],"curies":[{"name":"wp","href":"https:\/\/api.w.org\/{rel}","templated":true}]}}