{"id":634,"date":"2017-07-16T19:25:13","date_gmt":"2017-07-16T17:25:13","guid":{"rendered":"http:\/\/www.michaela-sadlowski.de\/wordpress\/?page_id=634"},"modified":"2021-01-03T01:55:14","modified_gmt":"2021-01-03T00:55:14","slug":"worms-of-survival","status":"publish","type":"page","link":"https:\/\/www.michaela-sadlowski.de\/wordpress\/worms-of-survival\/","title":{"rendered":"Worms of Survival"},"content":{"rendered":"<div id=\"pl-634\"  class=\"panel-layout\" ><div id=\"pg-634-0\"  class=\"panel-grid panel-no-style\" ><div id=\"pgc-634-0-0\"  class=\"panel-grid-cell\" ><div id=\"panel-634-0-0-0\" class=\"so-panel widget widget_sow-slider panel-first-child panel-last-child\" data-index=\"0\" ><div class=\"so-widget-sow-slider so-widget-sow-slider-default-e0c8f2cad08f\"><div class=\"sow-slider-base \" style=\"display: none\"><ul class=\"sow-slider-images\" data-settings=\"{&quot;pagination&quot;:true,&quot;speed&quot;:1,&quot;timeout&quot;:1000,&quot;paused&quot;:false,&quot;pause_on_hover&quot;:false,&quot;swipe&quot;:false,&quot;nav_always_show_mobile&quot;:&quot;&quot;,&quot;breakpoint&quot;:&quot;780px&quot;}\">\t\t<li class=\"sow-slider-image\" style=\"\" >\n\t\t\t\t\t\t<div class=\"sow-slider-image-container\">\n\t\t\t\t<div class=\"sow-slider-image-wrapper\" style=\"max-width: 738px\">\n\t\t\t\t\t\t\t\t\t\t<img fetchpriority=\"high\" decoding=\"async\" width=\"738\" height=\"546\" src=\"https:\/\/www.michaela-sadlowski.de\/wordpress\/wp-content\/uploads\/2017\/04\/15.jpg\" class=\"sow-slider-foreground-image\" alt=\"\" loading=\"eager\" srcset=\"https:\/\/www.michaela-sadlowski.de\/wordpress\/wp-content\/uploads\/2017\/04\/15.jpg 738w, https:\/\/www.michaela-sadlowski.de\/wordpress\/wp-content\/uploads\/2017\/04\/15-300x222.jpg 300w\" sizes=\"(max-width: 738px) 100vw, 738px\" \/>\t\t\t\t\t\t\t\t\t<\/div>\n\t\t\t<\/div>\n\t\t\t\t\t<\/li>\n\t\t\t\t<li class=\"sow-slider-image\" style=\"\" >\n\t\t\t\t\t\t<div class=\"sow-slider-image-container\">\n\t\t\t\t<div class=\"sow-slider-image-wrapper\" style=\"max-width: 738px\">\n\t\t\t\t\t\t\t\t\t\t<img decoding=\"async\" width=\"738\" height=\"546\" src=\"https:\/\/www.michaela-sadlowski.de\/wordpress\/wp-content\/uploads\/2017\/04\/28.jpg\" class=\"sow-slider-foreground-image\" alt=\"\" loading=\"eager\" srcset=\"https:\/\/www.michaela-sadlowski.de\/wordpress\/wp-content\/uploads\/2017\/04\/28.jpg 738w, https:\/\/www.michaela-sadlowski.de\/wordpress\/wp-content\/uploads\/2017\/04\/28-300x222.jpg 300w\" sizes=\"(max-width: 738px) 100vw, 738px\" \/>\t\t\t\t\t\t\t\t\t<\/div>\n\t\t\t<\/div>\n\t\t\t\t\t<\/li>\n\t\t\t\t<li class=\"sow-slider-image\" style=\"\" >\n\t\t\t\t\t\t<div class=\"sow-slider-image-container\">\n\t\t\t\t<div class=\"sow-slider-image-wrapper\" style=\"max-width: 738px\">\n\t\t\t\t\t\t\t\t\t\t<img decoding=\"async\" width=\"738\" height=\"546\" src=\"https:\/\/www.michaela-sadlowski.de\/wordpress\/wp-content\/uploads\/2017\/04\/30.jpg\" class=\"sow-slider-foreground-image\" alt=\"\" loading=\"eager\" srcset=\"https:\/\/www.michaela-sadlowski.de\/wordpress\/wp-content\/uploads\/2017\/04\/30.jpg 738w, https:\/\/www.michaela-sadlowski.de\/wordpress\/wp-content\/uploads\/2017\/04\/30-300x222.jpg 300w\" sizes=\"(max-width: 738px) 100vw, 738px\" \/>\t\t\t\t\t\t\t\t\t<\/div>\n\t\t\t<\/div>\n\t\t\t\t\t<\/li>\n\t\t\t\t<li class=\"sow-slider-image\" style=\"\" >\n\t\t\t\t\t\t<div class=\"sow-slider-image-container\">\n\t\t\t\t<div class=\"sow-slider-image-wrapper\" style=\"max-width: 738px\">\n\t\t\t\t\t\t\t\t\t\t<img decoding=\"async\" width=\"738\" height=\"546\" src=\"https:\/\/www.michaela-sadlowski.de\/wordpress\/wp-content\/uploads\/2017\/04\/31.jpg\" class=\"sow-slider-foreground-image\" alt=\"\" loading=\"eager\" srcset=\"https:\/\/www.michaela-sadlowski.de\/wordpress\/wp-content\/uploads\/2017\/04\/31.jpg 738w, https:\/\/www.michaela-sadlowski.de\/wordpress\/wp-content\/uploads\/2017\/04\/31-300x222.jpg 300w\" sizes=\"(max-width: 738px) 100vw, 738px\" \/>\t\t\t\t\t\t\t\t\t<\/div>\n\t\t\t<\/div>\n\t\t\t\t\t<\/li>\n\t\t\t\t<li class=\"sow-slider-image\" style=\"\" >\n\t\t\t\t\t\t<div class=\"sow-slider-image-container\">\n\t\t\t\t<div class=\"sow-slider-image-wrapper\" style=\"max-width: 738px\">\n\t\t\t\t\t\t\t\t\t\t<img decoding=\"async\" width=\"738\" height=\"546\" src=\"https:\/\/www.michaela-sadlowski.de\/wordpress\/wp-content\/uploads\/2017\/04\/32.jpg\" class=\"sow-slider-foreground-image\" alt=\"\" loading=\"eager\" srcset=\"https:\/\/www.michaela-sadlowski.de\/wordpress\/wp-content\/uploads\/2017\/04\/32.jpg 738w, https:\/\/www.michaela-sadlowski.de\/wordpress\/wp-content\/uploads\/2017\/04\/32-300x222.jpg 300w\" sizes=\"(max-width: 738px) 100vw, 738px\" \/>\t\t\t\t\t\t\t\t\t<\/div>\n\t\t\t<\/div>\n\t\t\t\t\t<\/li>\n\t\t\t\t<li class=\"sow-slider-image\" style=\"\" >\n\t\t\t\t\t\t<div class=\"sow-slider-image-container\">\n\t\t\t\t<div class=\"sow-slider-image-wrapper\" style=\"max-width: 738px\">\n\t\t\t\t\t\t\t\t\t\t<img decoding=\"async\" width=\"738\" height=\"546\" src=\"https:\/\/www.michaela-sadlowski.de\/wordpress\/wp-content\/uploads\/2017\/04\/45.jpg\" class=\"sow-slider-foreground-image\" alt=\"\" loading=\"eager\" srcset=\"https:\/\/www.michaela-sadlowski.de\/wordpress\/wp-content\/uploads\/2017\/04\/45.jpg 738w, https:\/\/www.michaela-sadlowski.de\/wordpress\/wp-content\/uploads\/2017\/04\/45-300x222.jpg 300w\" sizes=\"(max-width: 738px) 100vw, 738px\" \/>\t\t\t\t\t\t\t\t\t<\/div>\n\t\t\t<\/div>\n\t\t\t\t\t<\/li>\n\t\t\t\t<li class=\"sow-slider-image\" style=\"\" >\n\t\t\t\t\t\t<div class=\"sow-slider-image-container\">\n\t\t\t\t<div class=\"sow-slider-image-wrapper\" style=\"max-width: 738px\">\n\t\t\t\t\t\t\t\t\t\t<img decoding=\"async\" width=\"738\" height=\"546\" src=\"https:\/\/www.michaela-sadlowski.de\/wordpress\/wp-content\/uploads\/2017\/04\/54.jpg\" class=\"sow-slider-foreground-image\" alt=\"\" loading=\"eager\" srcset=\"https:\/\/www.michaela-sadlowski.de\/wordpress\/wp-content\/uploads\/2017\/04\/54.jpg 738w, https:\/\/www.michaela-sadlowski.de\/wordpress\/wp-content\/uploads\/2017\/04\/54-300x222.jpg 300w\" sizes=\"(max-width: 738px) 100vw, 738px\" \/>\t\t\t\t\t\t\t\t\t<\/div>\n\t\t\t<\/div>\n\t\t\t\t\t<\/li>\n\t\t<\/ul>\t\t\t\t<ol class=\"sow-slider-pagination\">\n\t\t\t\t\t\t\t\t\t\t\t<li><a href=\"#\" data-goto=\"0\" aria-label=\"display slide 1\"><\/a><\/li>\n\t\t\t\t\t\t\t\t\t\t\t<li><a href=\"#\" data-goto=\"1\" aria-label=\"display slide 2\"><\/a><\/li>\n\t\t\t\t\t\t\t\t\t\t\t<li><a href=\"#\" data-goto=\"2\" aria-label=\"display slide 3\"><\/a><\/li>\n\t\t\t\t\t\t\t\t\t\t\t<li><a href=\"#\" data-goto=\"3\" aria-label=\"display slide 4\"><\/a><\/li>\n\t\t\t\t\t\t\t\t\t\t\t<li><a href=\"#\" data-goto=\"4\" aria-label=\"display slide 5\"><\/a><\/li>\n\t\t\t\t\t\t\t\t\t\t\t<li><a href=\"#\" data-goto=\"5\" aria-label=\"display slide 6\"><\/a><\/li>\n\t\t\t\t\t\t\t\t\t\t\t<li><a href=\"#\" data-goto=\"6\" aria-label=\"display slide 7\"><\/a><\/li>\n\t\t\t\t\t\t\t\t\t<\/ol>\n\n\t\t\t\t<div class=\"sow-slide-nav sow-slide-nav-next\">\n\t\t\t\t\t<a href=\"#\" data-goto=\"next\" aria-label=\"next slide\" data-action=\"next\">\n\t\t\t\t\t\t<em class=\"sow-sld-icon-thin-right\"><\/em>\n\t\t\t\t\t<\/a>\n\t\t\t\t<\/div>\n\n\t\t\t\t<div class=\"sow-slide-nav sow-slide-nav-prev\">\n\t\t\t\t\t<a href=\"#\" data-goto=\"previous\" aria-label=\"previous slide\" data-action=\"prev\">\n\t\t\t\t\t\t<em class=\"sow-sld-icon-thin-left\"><\/em>\n\t\t\t\t\t<\/a>\n\t\t\t\t<\/div>\n\t\t\t\t<\/div><\/div><\/div><\/div><\/div><div id=\"pg-634-1\"  class=\"panel-grid panel-no-style\" ><div id=\"pgc-634-1-0\"  class=\"panel-grid-cell\" ><div id=\"panel-634-1-0-0\" class=\"so-panel widget widget_sow-editor panel-first-child panel-last-child\" data-index=\"1\" ><div class=\"so-widget-sow-editor so-widget-sow-editor-base\">\n<div class=\"siteorigin-widget-tinymce textwidget\">\n\t<p>Worms of Survival:<br \/>1997<\/p>\n<p>Video in einem Flugzeug. Anstelle der Rettungswesten, werden die Rettungsw\u00fcrmer w\u00e4hrend der Sicherheitseinweisung im Flugzeug pr\u00e4sentiert.<br \/>Rettungsw\u00fcrmer sind aus Latex, mit angebrachten Schlauch zum aufpusten.<\/p>\n<\/div>\n<\/div><\/div><\/div><\/div><\/div>","protected":false},"excerpt":{"rendered":"<p>Worms of Survival:1997Video in einem Flugzeug. Anstelle der Rettungswesten, werden die Rettungsw\u00fcrmer w\u00e4hrend der Sicherheitseinweisung im Flugzeug pr\u00e4sentiert.Rettungsw\u00fcrmer sind aus Latex, mit angebrachten Schlauch zum&#8230;<\/p>\n<div class=\"more-link-wrapper\"><a class=\"more-link\" href=\"https:\/\/www.michaela-sadlowski.de\/wordpress\/worms-of-survival\/\">mehr<span class=\"screen-reader-text\">Worms of Survival<\/span><\/a><\/div>\n","protected":false},"author":1,"featured_media":0,"parent":0,"menu_order":0,"comment_status":"closed","ping_status":"closed","template":"","meta":{"_monsterinsights_skip_tracking":false,"_monsterinsights_sitenote_active":false,"_monsterinsights_sitenote_note":"","_monsterinsights_sitenote_category":0,"footnotes":""},"class_list":["post-634","page","type-page","status-publish","hentry","entry"],"_links":{"self":[{"href":"https:\/\/www.michaela-sadlowski.de\/wordpress\/wp-json\/wp\/v2\/pages\/634","targetHints":{"allow":["GET"]}}],"collection":[{"href":"https:\/\/www.michaela-sadlowski.de\/wordpress\/wp-json\/wp\/v2\/pages"}],"about":[{"href":"https:\/\/www.michaela-sadlowski.de\/wordpress\/wp-json\/wp\/v2\/types\/page"}],"author":[{"embeddable":true,"href":"https:\/\/www.michaela-sadlowski.de\/wordpress\/wp-json\/wp\/v2\/users\/1"}],"replies":[{"embeddable":true,"href":"https:\/\/www.michaela-sadlowski.de\/wordpress\/wp-json\/wp\/v2\/comments?post=634"}],"version-history":[{"count":15,"href":"https:\/\/www.michaela-sadlowski.de\/wordpress\/wp-json\/wp\/v2\/pages\/634\/revisions"}],"predecessor-version":[{"id":1058,"href":"https:\/\/www.michaela-sadlowski.de\/wordpress\/wp-json\/wp\/v2\/pages\/634\/revisions\/1058"}],"wp:attachment":[{"href":"https:\/\/www.michaela-sadlowski.de\/wordpress\/wp-json\/wp\/v2\/media?parent=634"}],"curies":[{"name":"wp","href":"https:\/\/api.w.org\/{rel}","templated":true}]}}