{"id":961,"date":"2017-04-22T13:22:50","date_gmt":"2017-04-22T11:22:50","guid":{"rendered":"http:\/\/www.michaela-sadlowski.de\/wordpress\/?page_id=157"},"modified":"2017-04-22T13:22:50","modified_gmt":"2017-04-22T11:22:50","slug":"mund","status":"publish","type":"page","link":"https:\/\/www.michaela-sadlowski.de\/wordpress\/mund\/","title":{"rendered":"Mund"},"content":{"rendered":"<div id=\"pl-961\"  class=\"panel-layout\" ><div id=\"pg-961-0\"  class=\"panel-grid panel-no-style\" ><div id=\"pgc-961-0-0\"  class=\"panel-grid-cell\" ><div id=\"panel-961-0-0-0\" class=\"so-panel widget widget_sow-editor panel-first-child panel-last-child\" data-index=\"0\" ><div class=\"so-widget-sow-editor so-widget-sow-editor-base\">\n<div class=\"siteorigin-widget-tinymce textwidget\">\n\t<h2><u><\/u>Mund<\/h2><p>Gummiartiger Stoff, gen\u00e4ht, 2011<\/p><p>\u00a0<\/p><p>\u00a0<\/p><\/div>\n<\/div><\/div><\/div><div id=\"pgc-961-0-1\"  class=\"panel-grid-cell panel-grid-cell-mobile-last\" ><div id=\"panel-961-0-1-0\" class=\"so-panel widget widget_sow-slider panel-first-child panel-last-child\" data-index=\"1\" ><div class=\"so-widget-sow-slider so-widget-sow-slider-default-abf3e628296a\"><div class=\"sow-slider-base \" style=\"display: none\"><ul class=\"sow-slider-images\" data-settings=\"{&quot;pagination&quot;:true,&quot;speed&quot;:800,&quot;timeout&quot;:8000,&quot;paused&quot;:false,&quot;pause_on_hover&quot;:false,&quot;swipe&quot;:false,&quot;nav_always_show_mobile&quot;:&quot;&quot;,&quot;breakpoint&quot;:&quot;780px&quot;}\">\t\t<li class=\"sow-slider-image  sow-slider-image-cover\" style=\"background-image: url(https:\/\/www.michaela-sadlowski.de\/wordpress\/wp-content\/uploads\/2017\/04\/trambolin_big.jpg)\" >\n\t\t\t\t\t\t\t\t\t<img fetchpriority=\"high\" decoding=\"async\" width=\"667\" height=\"1000\" src=\"https:\/\/www.michaela-sadlowski.de\/wordpress\/wp-content\/uploads\/2017\/04\/trambolin_big.jpg\" class=\"sow-slider-background-image\" alt=\"\" loading=\"eager\" srcset=\"https:\/\/www.michaela-sadlowski.de\/wordpress\/wp-content\/uploads\/2017\/04\/trambolin_big.jpg 667w, https:\/\/www.michaela-sadlowski.de\/wordpress\/wp-content\/uploads\/2017\/04\/trambolin_big-200x300.jpg 200w\" sizes=\"(max-width: 667px) 100vw, 667px\" \/>\t\t\t\t\t\t\t\t<\/li>\n\t\t<\/ul>\t\t\t\t<ol class=\"sow-slider-pagination\">\n\t\t\t\t\t\t\t\t\t\t\t<li><a href=\"#\" data-goto=\"0\" aria-label=\"display slide 1\"><\/a><\/li>\n\t\t\t\t\t\t\t\t\t<\/ol>\n\n\t\t\t\t<div class=\"sow-slide-nav sow-slide-nav-next\">\n\t\t\t\t\t<a href=\"#\" data-goto=\"next\" aria-label=\"next slide\" data-action=\"next\">\n\t\t\t\t\t\t<em class=\"sow-sld-icon-thin-right\"><\/em>\n\t\t\t\t\t<\/a>\n\t\t\t\t<\/div>\n\n\t\t\t\t<div class=\"sow-slide-nav sow-slide-nav-prev\">\n\t\t\t\t\t<a href=\"#\" data-goto=\"previous\" aria-label=\"previous slide\" data-action=\"prev\">\n\t\t\t\t\t\t<em class=\"sow-sld-icon-thin-left\"><\/em>\n\t\t\t\t\t<\/a>\n\t\t\t\t<\/div>\n\t\t\t\t<\/div><\/div><\/div><\/div><div id=\"pgc-961-0-2\"  class=\"panel-grid-cell panel-grid-cell-empty\" ><\/div><\/div><div id=\"pg-961-1\"  class=\"panel-grid panel-no-style\" ><div id=\"pgc-961-1-0\"  class=\"panel-grid-cell\" ><div id=\"panel-961-1-0-0\" class=\"so-panel widget widget_sow-editor panel-first-child panel-last-child\" data-index=\"2\" ><div class=\"so-widget-sow-editor so-widget-sow-editor-base\">\n<div class=\"siteorigin-widget-tinymce textwidget\">\n\t<p>Dieses Trambolin ist wie ein Thron, ein eigenes K<span class=\"entity\">\u00f6<\/span>nigreich. Zutritt gestattet, aber nur f<span class=\"entity\">\u00fc<\/span>r Kinder. Von unten, von der Stra<span class=\"entity\">\u00df<\/span>e, wird sie von den den unverheirateten M<span class=\"entity\">\u00e4<\/span>nnern bewundert und angeflirtet. Jeden Abend beobachtete ich dieses Schauspiel. Einen Abend hatte diese Frau eine enganliegende schwarze Hose und T- Shirt an, und dazu eine knallrote G<span class=\"entity\">\u00fc<\/span>rteltasche, die vor ihrem Scho<span class=\"entity\">\u00df<\/span> befestigt war. F<span class=\"entity\">\u00fc<\/span>r mich wirkte diese Tasche wie ein gro<span class=\"entity\">\u00df<\/span>er Mund.<\/p>\n<\/div>\n<\/div><\/div><\/div><\/div><\/div>","protected":false},"excerpt":{"rendered":"<p>MundGummiartiger Stoff, gen\u00e4ht, 2011\u00a0\u00a0 Dieses Trambolin ist wie ein Thron, ein eigenes K\u00f6nigreich. Zutritt gestattet, aber nur f\u00fcr Kinder. Von unten, von der Stra\u00dfe, wird&#8230;<\/p>\n<div class=\"more-link-wrapper\"><a class=\"more-link\" href=\"https:\/\/www.michaela-sadlowski.de\/wordpress\/mund\/\">mehr<span class=\"screen-reader-text\">Mund<\/span><\/a><\/div>\n","protected":false},"author":1,"featured_media":0,"parent":0,"menu_order":1,"comment_status":"closed","ping_status":"closed","template":"","meta":{"_monsterinsights_skip_tracking":false,"_monsterinsights_sitenote_active":false,"_monsterinsights_sitenote_note":"","_monsterinsights_sitenote_category":0,"footnotes":""},"class_list":["post-961","page","type-page","status-publish","hentry","entry"],"_links":{"self":[{"href":"https:\/\/www.michaela-sadlowski.de\/wordpress\/wp-json\/wp\/v2\/pages\/961","targetHints":{"allow":["GET"]}}],"collection":[{"href":"https:\/\/www.michaela-sadlowski.de\/wordpress\/wp-json\/wp\/v2\/pages"}],"about":[{"href":"https:\/\/www.michaela-sadlowski.de\/wordpress\/wp-json\/wp\/v2\/types\/page"}],"author":[{"embeddable":true,"href":"https:\/\/www.michaela-sadlowski.de\/wordpress\/wp-json\/wp\/v2\/users\/1"}],"replies":[{"embeddable":true,"href":"https:\/\/www.michaela-sadlowski.de\/wordpress\/wp-json\/wp\/v2\/comments?post=961"}],"version-history":[{"count":0,"href":"https:\/\/www.michaela-sadlowski.de\/wordpress\/wp-json\/wp\/v2\/pages\/961\/revisions"}],"wp:attachment":[{"href":"https:\/\/www.michaela-sadlowski.de\/wordpress\/wp-json\/wp\/v2\/media?parent=961"}],"curies":[{"name":"wp","href":"https:\/\/api.w.org\/{rel}","templated":true}]}}